{"id":107,"date":"2017-01-16T16:43:24","date_gmt":"2017-01-16T15:43:24","guid":{"rendered":"http:\/\/svrhw.de\/wordpress\/?page_id=107"},"modified":"2025-05-04T21:04:55","modified_gmt":"2025-05-04T19:04:55","slug":"blower-door","status":"publish","type":"page","link":"https:\/\/svrhw.de\/wordpress\/blower-door","title":{"rendered":"Blower-Door"},"content":{"rendered":"\t\t<div data-elementor-type=\"wp-page\" data-elementor-id=\"107\" class=\"elementor elementor-107\">\n\t\t\t\t\t\t<section class=\"elementor-section elementor-top-section elementor-element elementor-element-70036d45 elementor-section-boxed elementor-section-height-default elementor-section-height-default\" data-id=\"70036d45\" data-element_type=\"section\" data-e-type=\"section\">\n\t\t\t\t\t\t<div class=\"elementor-container elementor-column-gap-default\">\n\t\t\t\t\t<div class=\"elementor-column elementor-col-100 elementor-top-column elementor-element elementor-element-60647cd0\" data-id=\"60647cd0\" data-element_type=\"column\" data-e-type=\"column\">\n\t\t\t<div class=\"elementor-widget-wrap elementor-element-populated\">\n\t\t\t\t\t\t<div class=\"elementor-element elementor-element-4d9bcfad elementor-widget elementor-widget-text-editor\" data-id=\"4d9bcfad\" data-element_type=\"widget\" data-e-type=\"widget\" data-widget_type=\"text-editor.default\">\n\t\t\t\t\t\t\t\t\t<p><img decoding=\"async\" src=\"http:\/\/svrhw.de\/wordpress\/wp-content\/uploads\/2017\/01\/30484892-300x103.jpg\" alt=\"\" width=\"300\" height=\"103\"><\/p>\n<p><em>\u201eIch denke an dichte Fenster! Kein anderes Land kann so dichte und so sch\u00f6ne Fenster bauen.\u201c<\/em><br>Angela Merkel<\/p>\n<p>Luftdichtheit <u>und<\/u> hygienischer Mindestluftwechsel<br>Die energetische Qualit\u00e4t eines Geb\u00e4udes&nbsp;steht und f\u00e4llt mit der Luftdichtigkeit des Geb\u00e4udes. <br>Mit dem Differenzdruck Messverfahren (Blower-Door) wird die Luftdichtigkeit von Geb\u00e4uden <br>ermittelt und Undichtigkeiten werden geortet.&nbsp;<\/p>\n<p>Dies sollte fr\u00fchzeitig nach Fertigstellung der luftdichten Ebenen geschehen um Nacharbeiten ohne&nbsp;<br>Aufwand durchf\u00fchren lassen zu k\u00f6nnen.&nbsp;Werden Bestandsgeb\u00e4ude energetisch Saniert (D\u00e4mmma\u00dfnahmen) werden die berechneten Ergebnisse nur erreicht wenn parallel die Bauteilanschl\u00fcsse luftdicht hergestellt werden.<\/p>\n<p>Auch kleinste Leckagen, wie sie zum Beispiel durch fehlerhafte Verarbeitung von Dampfbremsen entstehen, haben energetisch&nbsp;betrachtet, gro\u00dfe Folgen. Hygienisch zeigen sich die Folgen oft als Feuchtesch\u00e4den und mikrobiologischem Befall.&nbsp;<\/p>\n<p>Stichprobenartige Messungen k\u00f6nnen typische Fehler&nbsp;der Verarbeitung aufdecken. <br>Sinnvoll ist ausschlie\u00dflich die \u00dcberpr\u00fcfung aller Geb\u00e4udeteile.<\/p>\n<p>Geb\u00e4ude mit raumlufttechnischen Anlagen bieten ein kontrolliertes Wohlf\u00fchlklima. <br>Bei entsprechender Auslegung und Filtertechnik auch eine allergikerfreundliche Umgebung.<\/p>\n<p>Durch Fehler in der Luftdichtigkeit werden dann aber doch Allergene in das Geb\u00e4ude eingetragen.<\/p>\n<p>Blower-Door in der Terrassent\u00fcr:<\/p>\n<p><img fetchpriority=\"high\" decoding=\"async\" src=\"http:\/\/svrhw.de\/wordpress\/wp-content\/uploads\/2017\/01\/33277830-189x300.jpg\" alt=\"\" width=\"189\" height=\"300\"><\/p>\n<p><\/p>\n<p><img decoding=\"async\" src=\"http:\/\/svrhw.de\/wordpress\/wp-content\/uploads\/2017\/01\/Unbenannt-1-300x1.png\" width=\"650\" height=\"1\"><\/p>\n<p><\/p>\n<div align=\"left\">\n<h1>GEG und DIN EN ISO 9972 2018-12<\/h1>\n<p>Das Geb\u00e4udeenergiegesetz (GEG) und die Messnorm DIN EN ISO 9972 2018-12 legen als Zeitpunkt<br>der Luftdichtheitsmessung fest: &#8222;Die Luftdichtheit eines Geb\u00e4udes wird vor seiner Fertigstellung \u00fcberpr\u00fcft&#8220;.<\/p>\n<p>Alles von der luftdichten Ebene muss fertig sein. Fensterfalzl\u00fcfter d\u00fcrfen nicht abgeklebt werden.<br>Erfolgt die Messung nach Fertigstellung der Luftdichtheitsebene, kann durch eine Leckageortung die Qualit\u00e4t&nbsp;der Leistung zu einem Zeitpunkt festgestellt werden an dem Ma\u00dfnahmen zur Fehlerbeseitigung schnell, sicher und \u00fcberpr\u00fcfbar erfolgen k\u00f6nnen. Das erm\u00f6glicht das fachgerechte und \u00fcberpr\u00fcfbare<br>Nacharbeiten von Fehlerstellen.&nbsp;<\/p>\n<p><\/p>\n<\/div>\n<p style=\"text-align: center;\"><img decoding=\"async\" src=\"http:\/\/svrhw.de\/wordpress\/wp-content\/uploads\/2017\/01\/Unbenannt-1-300x1.png\" width=\"650\" height=\"1\"><\/p>\n<div>\n<h1>Die Aussenfenster oder -t\u00fcren sind von innen oft na\u00df?<br>An den Aussenfenster oder -t\u00fcren zieht es?<\/h1>\n<p>Die Dichheit der Aussenfenster und -t\u00fcren ist durch Einteilung in Klassen, je nach Geb\u00e4udeh\u00f6he, normativ geregelt.<br>Mit modernsten Messger\u00e4ten und erprobten Verfahren messe ich die Fugendichtheit in Anlehnung an die<br>DIN EN 12207: Fenster und T\u00fcren \u2013 Luftdurchl\u00e4ssigkeit \u2013 Klassifizierung<\/p>\n<\/div>\n<p><!-- \/wp:html --><\/p>\t\t\t\t\t\t\t\t<\/div>\n\t\t\t\t\t<\/div>\n\t\t<\/div>\n\t\t\t\t\t<\/div>\n\t\t<\/section>\n\t\t\t\t<\/div>\n\t\t","protected":false},"excerpt":{"rendered":"<p>\u201eIch denke an dichte Fenster! Kein anderes Land kann so dichte und so sch\u00f6ne Fenster bauen.\u201cAngela Merkel Luftdichtheit und hygienischer MindestluftwechselDie energetische [&hellip;]<\/p>\n","protected":false},"author":1,"featured_media":0,"parent":0,"menu_order":0,"comment_status":"closed","ping_status":"closed","template":"","meta":{"footnotes":""},"class_list":["post-107","page","type-page","status-publish","hentry"],"_links":{"self":[{"href":"https:\/\/svrhw.de\/wordpress\/wp-json\/wp\/v2\/pages\/107","targetHints":{"allow":["GET"]}}],"collection":[{"href":"https:\/\/svrhw.de\/wordpress\/wp-json\/wp\/v2\/pages"}],"about":[{"href":"https:\/\/svrhw.de\/wordpress\/wp-json\/wp\/v2\/types\/page"}],"author":[{"embeddable":true,"href":"https:\/\/svrhw.de\/wordpress\/wp-json\/wp\/v2\/users\/1"}],"replies":[{"embeddable":true,"href":"https:\/\/svrhw.de\/wordpress\/wp-json\/wp\/v2\/comments?post=107"}],"version-history":[{"count":34,"href":"https:\/\/svrhw.de\/wordpress\/wp-json\/wp\/v2\/pages\/107\/revisions"}],"predecessor-version":[{"id":1222,"href":"https:\/\/svrhw.de\/wordpress\/wp-json\/wp\/v2\/pages\/107\/revisions\/1222"}],"wp:attachment":[{"href":"https:\/\/svrhw.de\/wordpress\/wp-json\/wp\/v2\/media?parent=107"}],"curies":[{"name":"wp","href":"https:\/\/api.w.org\/{rel}","templated":true}]}}