{"id":109,"date":"2017-01-16T16:43:57","date_gmt":"2017-01-16T15:43:57","guid":{"rendered":"http:\/\/svrhw.de\/wordpress\/?page_id=109"},"modified":"2017-01-19T12:48:07","modified_gmt":"2017-01-19T11:48:07","slug":"u-wertmessung","status":"publish","type":"page","link":"https:\/\/svrhw.de\/wordpress\/u-wertmessung","title":{"rendered":"U-Wertmessung"},"content":{"rendered":"<h1>U-Wert-Messung<\/h1>\n<p>Die Bauteil U-Werte werden meistens nach <br \/>dem Baujahr der Geb\u00e4ude &#8222;gesch\u00e4tzt&#8220;.<\/p>\n<p><img fetchpriority=\"high\" decoding=\"async\" class=\"alignnone size-medium wp-image-178\" src=\"http:\/\/svrhw.de\/wordpress\/wp-content\/uploads\/2017\/01\/32174231-300x199.jpg\" alt=\"\" width=\"300\" height=\"199\" srcset=\"https:\/\/svrhw.de\/wordpress\/wp-content\/uploads\/2017\/01\/32174231-300x199.jpg 300w, https:\/\/svrhw.de\/wordpress\/wp-content\/uploads\/2017\/01\/32174231.jpg 600w\" sizes=\"(max-width: 300px) 100vw, 300px\" \/><\/p>\n<p>Ich messe den U-Wert ihrer vorhandenen Au\u00dfenbauteilen <br \/>und berechne dann mit den <b><u>Ist-Werten<\/u><\/b> die geeigneten Ma\u00dfnahmen.<\/p>\n","protected":false},"excerpt":{"rendered":"<p>U-Wert-Messung Die Bauteil U-Werte werden meistens nach dem Baujahr der Geb\u00e4ude &#8222;gesch\u00e4tzt&#8220;. Ich messe den U-Wert ihrer vorhandenen Au\u00dfenbauteilen und berechne dann [&hellip;]<\/p>\n","protected":false},"author":1,"featured_media":0,"parent":0,"menu_order":0,"comment_status":"closed","ping_status":"closed","template":"","meta":{"footnotes":""},"class_list":["post-109","page","type-page","status-publish","hentry"],"_links":{"self":[{"href":"https:\/\/svrhw.de\/wordpress\/wp-json\/wp\/v2\/pages\/109","targetHints":{"allow":["GET"]}}],"collection":[{"href":"https:\/\/svrhw.de\/wordpress\/wp-json\/wp\/v2\/pages"}],"about":[{"href":"https:\/\/svrhw.de\/wordpress\/wp-json\/wp\/v2\/types\/page"}],"author":[{"embeddable":true,"href":"https:\/\/svrhw.de\/wordpress\/wp-json\/wp\/v2\/users\/1"}],"replies":[{"embeddable":true,"href":"https:\/\/svrhw.de\/wordpress\/wp-json\/wp\/v2\/comments?post=109"}],"version-history":[{"count":3,"href":"https:\/\/svrhw.de\/wordpress\/wp-json\/wp\/v2\/pages\/109\/revisions"}],"predecessor-version":[{"id":210,"href":"https:\/\/svrhw.de\/wordpress\/wp-json\/wp\/v2\/pages\/109\/revisions\/210"}],"wp:attachment":[{"href":"https:\/\/svrhw.de\/wordpress\/wp-json\/wp\/v2\/media?parent=109"}],"curies":[{"name":"wp","href":"https:\/\/api.w.org\/{rel}","templated":true}]}}