{"id":115,"date":"2017-01-16T16:44:56","date_gmt":"2017-01-16T15:44:56","guid":{"rendered":"http:\/\/svrhw.de\/wordpress\/?page_id=115"},"modified":"2023-01-13T12:37:47","modified_gmt":"2023-01-13T11:37:47","slug":"luftkeimmessung","status":"publish","type":"page","link":"https:\/\/svrhw.de\/wordpress\/luftkeimmessung","title":{"rendered":"Luftkeimmessung"},"content":{"rendered":"\t\t<div data-elementor-type=\"wp-page\" data-elementor-id=\"115\" class=\"elementor elementor-115\">\n\t\t\t\t\t\t<section class=\"elementor-section elementor-top-section elementor-element elementor-element-309ae4a elementor-section-boxed elementor-section-height-default elementor-section-height-default\" data-id=\"309ae4a\" data-element_type=\"section\" data-e-type=\"section\">\n\t\t\t\t\t\t<div class=\"elementor-container elementor-column-gap-default\">\n\t\t\t\t\t<div class=\"elementor-column elementor-col-100 elementor-top-column elementor-element elementor-element-2b58e172\" data-id=\"2b58e172\" data-element_type=\"column\" data-e-type=\"column\">\n\t\t\t<div class=\"elementor-widget-wrap elementor-element-populated\">\n\t\t\t\t\t\t<div class=\"elementor-element elementor-element-1d3f8bb1 elementor-widget elementor-widget-text-editor\" data-id=\"1d3f8bb1\" data-element_type=\"widget\" data-e-type=\"widget\" data-widget_type=\"text-editor.default\">\n\t\t\t\t\t\t\t\t\t<p>Liegt eine Raumluftbelastung mit Schimmelpilzsporen vor? Wo ist die Quelle? <br \/>Wie hoch ist die Schimmelbelastung vor und wie hoch (noch) nach der Schimmelsanierung?<\/p>\n<h1>Modriger Geruch, feuchte Stellen, mikrobiologischer <br \/>Befall oder gesundheitliche Probleme?<\/h1>\n<ul>\n<li>Sichtbarer Wasserschaden und es wurden sofort Trocknungsger\u00e4te aufgestellt?<\/li>\n<li>Liegt ein (verdeckter) mikrobiologischer Befall vor? Wo ist die Quelle?<\/li>\n<li>Wurde ein mikrobiologischer Befall fachgerecht saniert? Welche Pilze sind vorhanden?<\/li>\n<li>Meine fachliche Qualifikation und die Luftkeimmessung gibt auf diese Fragen eine Antwort.\u00a0<\/li>\n<\/ul>\n<p>Der Schaden durch die unsachgem\u00e4\u00dfe Sanierung ist meist gr\u00f6\u00dfer wie der mikrobiologische Befall.<\/p>\t\t\t\t\t\t\t\t<\/div>\n\t\t\t\t\t<\/div>\n\t\t<\/div>\n\t\t\t\t\t<\/div>\n\t\t<\/section>\n\t\t\t\t<\/div>\n\t\t","protected":false},"excerpt":{"rendered":"<p>Liegt eine Raumluftbelastung mit Schimmelpilzsporen vor? Wo ist die Quelle? Wie hoch ist die Schimmelbelastung vor und wie hoch (noch) nach der [&hellip;]<\/p>\n","protected":false},"author":1,"featured_media":0,"parent":0,"menu_order":0,"comment_status":"closed","ping_status":"closed","template":"","meta":{"footnotes":""},"class_list":["post-115","page","type-page","status-publish","hentry"],"_links":{"self":[{"href":"https:\/\/svrhw.de\/wordpress\/wp-json\/wp\/v2\/pages\/115","targetHints":{"allow":["GET"]}}],"collection":[{"href":"https:\/\/svrhw.de\/wordpress\/wp-json\/wp\/v2\/pages"}],"about":[{"href":"https:\/\/svrhw.de\/wordpress\/wp-json\/wp\/v2\/types\/page"}],"author":[{"embeddable":true,"href":"https:\/\/svrhw.de\/wordpress\/wp-json\/wp\/v2\/users\/1"}],"replies":[{"embeddable":true,"href":"https:\/\/svrhw.de\/wordpress\/wp-json\/wp\/v2\/comments?post=115"}],"version-history":[{"count":8,"href":"https:\/\/svrhw.de\/wordpress\/wp-json\/wp\/v2\/pages\/115\/revisions"}],"predecessor-version":[{"id":768,"href":"https:\/\/svrhw.de\/wordpress\/wp-json\/wp\/v2\/pages\/115\/revisions\/768"}],"wp:attachment":[{"href":"https:\/\/svrhw.de\/wordpress\/wp-json\/wp\/v2\/media?parent=115"}],"curies":[{"name":"wp","href":"https:\/\/api.w.org\/{rel}","templated":true}]}}