{"id":117,"date":"2017-01-16T16:45:15","date_gmt":"2017-01-16T15:45:15","guid":{"rendered":"http:\/\/svrhw.de\/wordpress\/?page_id=117"},"modified":"2023-12-10T17:35:37","modified_gmt":"2023-12-10T16:35:37","slug":"schimmelpilzbefall","status":"publish","type":"page","link":"https:\/\/svrhw.de\/wordpress\/schimmelpilzbefall","title":{"rendered":"Schimmelpilzbefall"},"content":{"rendered":"\t\t<div data-elementor-type=\"wp-page\" data-elementor-id=\"117\" class=\"elementor elementor-117\">\n\t\t\t\t\t\t<section class=\"elementor-section elementor-top-section elementor-element elementor-element-75ecb5c7 elementor-section-boxed elementor-section-height-default elementor-section-height-default\" data-id=\"75ecb5c7\" data-element_type=\"section\" data-e-type=\"section\">\n\t\t\t\t\t\t<div class=\"elementor-container elementor-column-gap-default\">\n\t\t\t\t\t<div class=\"elementor-column elementor-col-100 elementor-top-column elementor-element elementor-element-f57f77f\" data-id=\"f57f77f\" data-element_type=\"column\" data-e-type=\"column\">\n\t\t\t<div class=\"elementor-widget-wrap elementor-element-populated\">\n\t\t\t\t\t\t<div class=\"elementor-element elementor-element-3baefe9d elementor-widget elementor-widget-text-editor\" data-id=\"3baefe9d\" data-element_type=\"widget\" data-e-type=\"widget\" data-widget_type=\"text-editor.default\">\n\t\t\t\t\t\t\t\t\t<p><\/p>\n<h1>Schimmelpilz; oder was ist &#8222;Das&#8220;?<\/h1>\n<p>Wie bedenklich sind Mykotoxine, VOC, MVOC, Allergie&#8230;&#8230;&#8230;&#8230;<\/p>\n<p>Die Entdeckung von Feuchtequellen und Ursache von mikrobiellen Befall erfordert Sachverstand und Erfahrung.<\/p>\n<p><span class=\"text7\">Unterst\u00fctzt durch <\/span>moderne, t<span class=\"text7\">echnische Ausr\u00fcstung<\/span><br><span class=\"text7\">gehe ich jedem Anhaltspunkt nach. <br><\/span><\/p>\n<p><span class=\"text7\">Hierzu geh\u00f6ren Messger\u00e4te f\u00fcr:<br>&#8211; Luftstr\u00f6mung<\/span><br><span class=\"text7\">&#8211; Luft- und Oberfl\u00e4chentemperatur\/Feuchte<br>&#8211; Infrarot Thermografie<br>&#8211; Luftkeimsammlung<br>&#8211; Wassereindringtiefe<\/span><br><span class=\"text7\">&#8211; Endoskopie<\/span><\/p>\n<h1>Schimmelsp\u00fcrhund<\/h1>\n<p>Wenn trotz alle technischen Bem\u00fchungen die Quelle eines Schimmelbefalls nicht entdeckt <br>wird kann auf die Arbeit eines Schimmelsp\u00fcrhundes zur\u00fcck gegriffen werden.<\/p>\n<h1>Foggen<\/h1>\n<p>Nach einem Schimmelpilzbefall m\u00fcssen alle aktiven Schimmelbestandteile entfernt werden. <br>Oberfl\u00e4chen m\u00fcssen gereinigt werden und die Sporen in der Luft m\u00fcssen abget\u00f6tet werden.<br>Mit den richtigen Chemikalien und Ger\u00e4ten geht das professionell, schnell und sicher.&nbsp;<\/p>\n<p><h2>Luftkeimsammlung<\/h2><span style=\"color: var(--sydney-text-color);\">Liegt eine Raumluftbelastung mit Schimmelpilzsporen vor? Wo ist die Quelle?<\/span><br><\/p>\n<p>Wie hoch ist die Schimmelbelastung vor und wie hoch (noch) nach der Schimmelsanierung?<\/p>\n<h1>Modriger Geruch, feuchte Stellen, mikrobiologischer <br>Befall oder gesundheitliche Probleme?<\/h1>\n<ul>\n<li>&#8211; Sichtbarer Wasserschaden und es wurden sofort Trocknungsger\u00e4te aufgestellt?<\/li>\n<li>&#8211; Liegt ein (verdeckter) mikrobiologischer Befall vor? Wo ist die Quelle?<\/li>\n<li>&#8211; Wurde ein mikrobiologischer Befall fachgerecht saniert? Welche Pilze sind vorhanden?<\/li>\n<li>&#8211; Meine fachliche Qualifikation und die Luftkeimmessung gibt auf diese Fragen eine Antwort.&nbsp;<\/li>\n<\/ul>\n<p>Der Schaden durch die unsachgem\u00e4\u00dfe Sanierung ist meist gr\u00f6\u00dfer wie der Schaden durch den mikrobiologische Befall.<\/p>\n<p><\/p>\t\t\t\t\t\t\t\t<\/div>\n\t\t\t\t\t<\/div>\n\t\t<\/div>\n\t\t\t\t\t<\/div>\n\t\t<\/section>\n\t\t\t\t<\/div>\n\t\t","protected":false},"excerpt":{"rendered":"<p>Schimmelpilz; oder was ist &#8222;Das&#8220;? Wie bedenklich sind Mykotoxine, VOC, MVOC, Allergie&#8230;&#8230;&#8230;&#8230; Die Entdeckung von Feuchtequellen und Ursache von mikrobiellen Befall erfordert [&hellip;]<\/p>\n","protected":false},"author":1,"featured_media":0,"parent":0,"menu_order":0,"comment_status":"closed","ping_status":"closed","template":"","meta":{"footnotes":""},"class_list":["post-117","page","type-page","status-publish","hentry"],"_links":{"self":[{"href":"https:\/\/svrhw.de\/wordpress\/wp-json\/wp\/v2\/pages\/117","targetHints":{"allow":["GET"]}}],"collection":[{"href":"https:\/\/svrhw.de\/wordpress\/wp-json\/wp\/v2\/pages"}],"about":[{"href":"https:\/\/svrhw.de\/wordpress\/wp-json\/wp\/v2\/types\/page"}],"author":[{"embeddable":true,"href":"https:\/\/svrhw.de\/wordpress\/wp-json\/wp\/v2\/users\/1"}],"replies":[{"embeddable":true,"href":"https:\/\/svrhw.de\/wordpress\/wp-json\/wp\/v2\/comments?post=117"}],"version-history":[{"count":20,"href":"https:\/\/svrhw.de\/wordpress\/wp-json\/wp\/v2\/pages\/117\/revisions"}],"predecessor-version":[{"id":972,"href":"https:\/\/svrhw.de\/wordpress\/wp-json\/wp\/v2\/pages\/117\/revisions\/972"}],"wp:attachment":[{"href":"https:\/\/svrhw.de\/wordpress\/wp-json\/wp\/v2\/media?parent=117"}],"curies":[{"name":"wp","href":"https:\/\/api.w.org\/{rel}","templated":true}]}}