{"id":119,"date":"2017-01-16T16:45:34","date_gmt":"2017-01-16T15:45:34","guid":{"rendered":"http:\/\/svrhw.de\/wordpress\/?page_id=119"},"modified":"2023-01-13T12:36:57","modified_gmt":"2023-01-13T11:36:57","slug":"energieberatung","status":"publish","type":"page","link":"https:\/\/svrhw.de\/wordpress\/energieberatung","title":{"rendered":"Energieberatung"},"content":{"rendered":"\t\t<div data-elementor-type=\"wp-page\" data-elementor-id=\"119\" class=\"elementor elementor-119\">\n\t\t\t\t\t\t<section class=\"elementor-section elementor-top-section elementor-element elementor-element-67c65916 elementor-section-boxed elementor-section-height-default elementor-section-height-default\" data-id=\"67c65916\" data-element_type=\"section\" data-e-type=\"section\">\n\t\t\t\t\t\t<div class=\"elementor-container elementor-column-gap-default\">\n\t\t\t\t\t<div class=\"elementor-column elementor-col-100 elementor-top-column elementor-element elementor-element-50435488\" data-id=\"50435488\" data-element_type=\"column\" data-e-type=\"column\">\n\t\t\t<div class=\"elementor-widget-wrap elementor-element-populated\">\n\t\t\t\t\t\t<div class=\"elementor-element elementor-element-30bcc829 elementor-widget elementor-widget-text-editor\" data-id=\"30bcc829\" data-element_type=\"widget\" data-e-type=\"widget\" data-widget_type=\"text-editor.default\">\n\t\t\t\t\t\t\t\t\t<p><img decoding=\"async\" class=\"alignnone size-medium wp-image-190\" src=\"http:\/\/svrhw.de\/wordpress\/wp-content\/uploads\/2017\/01\/35640325-300x101.png\" alt=\"\" width=\"300\" height=\"101\" srcset=\"https:\/\/svrhw.de\/wordpress\/wp-content\/uploads\/2017\/01\/35640325-300x100.png 300w, https:\/\/svrhw.de\/wordpress\/wp-content\/uploads\/2017\/01\/35640325.png 388w\" sizes=\"(max-width: 300px) 100vw, 300px\" \/><\/p><p>Qualifizierte Geb\u00e4ude-Energieberatung<\/p><p>Wir sp\u00fcren Schwachstellen in der Geb\u00e4udeh\u00fclle und in der Anlagentechnik auf, <br \/>analysieren Diese und erarbeiten L\u00f6sungen. Verst\u00e4ndliche Sanierungskonzepte unter <br \/>Abw\u00e4gung von Umweltaspekten und Wirtschaftlichkeit geben ihnen die <br \/>notwendigen Entscheidungshilfen zur <u>individuellen<\/u> energetischen Sanierung.<\/p><p>Info-Energieausweis-Stand-2014-08.pdf<br \/><a href=\"http:\/\/svrhw.de\/mediapool\/61\/615494\/data\/Info-Energieausweis-Stand-2014-08.pdf\" target=\"_blank\" rel=\"noopener\">Download<\/a><\/p><div align=\"left\"><h1>F\u00f6rdermittel<\/h1><p>Sichern Sie sich f\u00fcr Ihr Bauvorhaben die verf\u00fcgbaren F\u00f6rdermittel. <br \/>Es k\u00f6nnen f\u00fcr Ihr Vorhaben Mittel von Bund, L\u00e4ndern, Gemeinden, <br \/>Landkreisen und Energieversorgern\u00a0 in Frage kommen.<\/p><p><a href=\"mailto:energieberatung@svrhw.de\" target=\"_blank\" rel=\"noopener\">Ich berate Sie gerne.<\/a><\/p><\/div><h1>Geb\u00e4ude-Energieberatung bedeutet:<\/h1><p>sorgf\u00e4ltige Analyse der vorhandenen Bausubstanz<br \/>sorgf\u00e4ltige Analyse der vorhandenen Anlagetechnik<br \/>Ihr individuelles Nutzerverhalten zu ber\u00fccksichtigen<br \/>Umweltschutz zu ber\u00fccksichtigen<br \/>realistische Ziele und deren Wirtschaftlichkeit in mehreren Varianten auf zu zeigen<\/p><h3>Sie planen ein neues Zuhause? Kaufen oder Mieten, diese Kosten sind fix! <br \/>Aber wie hoch werden die Energiekosten f\u00fcr die Heizung?\u00a0 <br \/>Die Verbrauchswerte spiegeln nur die Gewohnheiten der bisherigen Bewohner wieder. \u00a0<\/h3><p>Hier soll der Energieausweis Sicherheit f\u00fcr Erwerber und Mieter schaffen. <br \/>Das klappt aber ausschlie\u00dflich mit dem Bedarfsausweis.<\/p><p>Energie-Bedarfs-Ausweis:<br \/>Gr\u00fcner Bereich nicht gleichbedeutend mit geringen Energiekosten. Die zwei Werte des Bandtachos:<br \/>der obere Wert, <u>Endenergiebedarf<\/u>, gibt den Bedarf des Geb\u00e4udes am Ort an. <br \/>Ein Wert im gr\u00fcnen Bereich bedeutet eine geringe Bedarfsmenge des Energietr\u00e4gers, <br \/>also auch geringe Kosten bezogen auf die Bedarfsmenge dieses Energietr\u00e4gers.<\/p><p>Der untere Wert, <u>Prim\u00e4renergiebedarf<\/u>, gibt den Bedarf des Geb\u00e4udes unter Ber\u00fccksichtigung\u00a0der <br \/>Transportwege zum Ort, sowie der Erzeugung des Energietr\u00e4gers, an. Ein Wert im gr\u00fcnen Bereich <br \/>bedeutet gegebenenfalls ausschlie\u00dflich wie Umweltvertr\u00e4glich der Prim\u00e4renergiebedarf des Geb\u00e4udes ist.<\/p><p>13-06-Info-Energieausweis.pdf<br \/><a href=\"http:\/\/svrhw.de\/mediapool\/61\/615494\/data\/13-06-Info-Energieausweis.pdf\" target=\"_blank\" rel=\"noopener\">Download<\/a><\/p><p><a href=\"http:\/\/effizienzhaus.zukunft-haus.info\/experten\/suche-experten\/\" target=\"_blank\" rel=\"noopener\">Ich bin Experte f\u00fcr die Energieausweiserstellung f\u00fcr Wohngeb\u00e4ude und bei der dena (deutsche Energie agentur) gelistet.<\/a><\/p>\t\t\t\t\t\t\t\t<\/div>\n\t\t\t\t\t<\/div>\n\t\t<\/div>\n\t\t\t\t\t<\/div>\n\t\t<\/section>\n\t\t\t\t<\/div>\n\t\t","protected":false},"excerpt":{"rendered":"<p>Qualifizierte Geb\u00e4ude-Energieberatung Wir sp\u00fcren Schwachstellen in der Geb\u00e4udeh\u00fclle und in der Anlagentechnik auf, analysieren Diese und erarbeiten L\u00f6sungen. Verst\u00e4ndliche Sanierungskonzepte unter Abw\u00e4gung [&hellip;]<\/p>\n","protected":false},"author":1,"featured_media":0,"parent":0,"menu_order":0,"comment_status":"closed","ping_status":"closed","template":"","meta":{"footnotes":""},"class_list":["post-119","page","type-page","status-publish","hentry"],"_links":{"self":[{"href":"https:\/\/svrhw.de\/wordpress\/wp-json\/wp\/v2\/pages\/119","targetHints":{"allow":["GET"]}}],"collection":[{"href":"https:\/\/svrhw.de\/wordpress\/wp-json\/wp\/v2\/pages"}],"about":[{"href":"https:\/\/svrhw.de\/wordpress\/wp-json\/wp\/v2\/types\/page"}],"author":[{"embeddable":true,"href":"https:\/\/svrhw.de\/wordpress\/wp-json\/wp\/v2\/users\/1"}],"replies":[{"embeddable":true,"href":"https:\/\/svrhw.de\/wordpress\/wp-json\/wp\/v2\/comments?post=119"}],"version-history":[{"count":12,"href":"https:\/\/svrhw.de\/wordpress\/wp-json\/wp\/v2\/pages\/119\/revisions"}],"predecessor-version":[{"id":765,"href":"https:\/\/svrhw.de\/wordpress\/wp-json\/wp\/v2\/pages\/119\/revisions\/765"}],"wp:attachment":[{"href":"https:\/\/svrhw.de\/wordpress\/wp-json\/wp\/v2\/media?parent=119"}],"curies":[{"name":"wp","href":"https:\/\/api.w.org\/{rel}","templated":true}]}}