{"id":127,"date":"2017-01-16T16:46:52","date_gmt":"2017-01-16T15:46:52","guid":{"rendered":"http:\/\/svrhw.de\/wordpress\/?page_id=127"},"modified":"2017-03-15T23:31:11","modified_gmt":"2017-03-15T22:31:11","slug":"download-und-netzwerke","status":"publish","type":"page","link":"https:\/\/svrhw.de\/wordpress\/download-und-netzwerke","title":{"rendered":"Download und Netzwerke"},"content":{"rendered":"<h3>Sachverstaendigenordnung_HWK_ddorf.pdf<br \/><span style=\"color: #3366ff;\"><a style=\"color: #3366ff;\" href=\"http:\/\/svrhw.de\/mediapool\/61\/615494\/data\/Sachverstaendigenordnung_HWK_ddorf.pdf\" target=\"_blank\">Download<\/a><\/span><\/h3>\n<h3>Info-Blower-Door-Stand-2014-02.pdf<br \/><span style=\"color: #3366ff;\"><a style=\"color: #3366ff;\" href=\"http:\/\/svrhw.de\/mediapool\/61\/615494\/data\/Info-Blower-Door-Stand-2014-02.pdf\" target=\"_blank\">Download<\/a><\/span><\/h3>\n<h3>Info-Energieausweis-Stand-2014-08.pdf<br \/><span style=\"color: #3366ff;\"><a style=\"color: #3366ff;\" href=\"http:\/\/svrhw.de\/mediapool\/61\/615494\/data\/Info-Energieausweis-Stand-2014-08.pdf\" target=\"_blank\">Download<\/a><\/span><\/h3>\n<h3>Info-Heizen-und-L\u00fcften-Stand-2017-02.pdf<br \/><a href=\"http:\/\/svrhw.de\/wordpress\/wp-content\/uploads\/2017\/02\/17-02-Info-Heizen-L\u00fcften.pdf\" target=\"_blank\">Download<\/a><\/h3>\n<h3>Info-Geb\u00e4udeenergieberatung-Stand-2017-02.pdf<br \/><a href=\"http:\/\/svrhw.de\/wordpress\/wp-content\/uploads\/2017\/02\/17-02-02\/17-02-Info-Heizen-L\u00fcften.pdf\"><span style=\"color: #3366ff;\">Download<\/span><\/a><\/h3>\n<h3>KfW-Ratgeber f\u00fcr Kunden<br \/><a href=\"http:\/\/svrhw.de\/wordpress\/wp-content\/uploads\/2017\/02\/6000003841_Foerdern-EBS.pdf\"><span style=\"color: #3366ff;\">Download<\/span><\/a><\/h3>\n<h3>KfW-F\u00f6rderung f\u00fcr Ihr Zuhause<br \/><a href=\"http:\/\/svrhw.de\/wordpress\/wp-content\/uploads\/2017\/02\/6000003455_Broschuere_EBS.pdf\"><span style=\"color: #3366ff;\">Download<\/span><\/a><\/h3>\n","protected":false},"excerpt":{"rendered":"<p>Sachverstaendigenordnung_HWK_ddorf.pdfDownload Info-Blower-Door-Stand-2014-02.pdfDownload Info-Energieausweis-Stand-2014-08.pdfDownload Info-Heizen-und-L\u00fcften-Stand-2017-02.pdfDownload Info-Geb\u00e4udeenergieberatung-Stand-2017-02.pdfDownload KfW-Ratgeber f\u00fcr KundenDownload KfW-F\u00f6rderung f\u00fcr Ihr ZuhauseDownload<\/p>\n","protected":false},"author":1,"featured_media":0,"parent":0,"menu_order":0,"comment_status":"closed","ping_status":"closed","template":"","meta":{"footnotes":""},"class_list":["post-127","page","type-page","status-publish","hentry"],"_links":{"self":[{"href":"https:\/\/svrhw.de\/wordpress\/wp-json\/wp\/v2\/pages\/127","targetHints":{"allow":["GET"]}}],"collection":[{"href":"https:\/\/svrhw.de\/wordpress\/wp-json\/wp\/v2\/pages"}],"about":[{"href":"https:\/\/svrhw.de\/wordpress\/wp-json\/wp\/v2\/types\/page"}],"author":[{"embeddable":true,"href":"https:\/\/svrhw.de\/wordpress\/wp-json\/wp\/v2\/users\/1"}],"replies":[{"embeddable":true,"href":"https:\/\/svrhw.de\/wordpress\/wp-json\/wp\/v2\/comments?post=127"}],"version-history":[{"count":17,"href":"https:\/\/svrhw.de\/wordpress\/wp-json\/wp\/v2\/pages\/127\/revisions"}],"predecessor-version":[{"id":337,"href":"https:\/\/svrhw.de\/wordpress\/wp-json\/wp\/v2\/pages\/127\/revisions\/337"}],"wp:attachment":[{"href":"https:\/\/svrhw.de\/wordpress\/wp-json\/wp\/v2\/media?parent=127"}],"curies":[{"name":"wp","href":"https:\/\/api.w.org\/{rel}","templated":true}]}}