{"id":2,"date":"2016-12-27T09:47:32","date_gmt":"2016-12-27T08:47:32","guid":{"rendered":"http:\/\/svrhw.de\/wordpress\/?page_id=2"},"modified":"2026-05-14T15:51:03","modified_gmt":"2026-05-14T13:51:03","slug":"beispiel-seite","status":"publish","type":"page","link":"https:\/\/svrhw.de\/wordpress\/","title":{"rendered":"Startseite"},"content":{"rendered":"\t\t<div data-elementor-type=\"wp-page\" data-elementor-id=\"2\" class=\"elementor elementor-2\">\n\t\t\t\t\t\t<section class=\"elementor-section elementor-top-section elementor-element elementor-element-706720e9 elementor-section-boxed elementor-section-height-default elementor-section-height-default\" data-id=\"706720e9\" data-element_type=\"section\" data-e-type=\"section\">\n\t\t\t\t\t\t<div class=\"elementor-container elementor-column-gap-default\">\n\t\t\t\t\t<div class=\"elementor-column elementor-col-100 elementor-top-column elementor-element elementor-element-7dfbf5e\" data-id=\"7dfbf5e\" data-element_type=\"column\" data-e-type=\"column\">\n\t\t\t<div class=\"elementor-widget-wrap elementor-element-populated\">\n\t\t\t\t\t\t<section class=\"elementor-section elementor-inner-section elementor-element elementor-element-1f7e1b7 elementor-section-boxed elementor-section-height-default elementor-section-height-default\" data-id=\"1f7e1b7\" data-element_type=\"section\" data-e-type=\"section\">\n\t\t\t\t\t\t<div class=\"elementor-container elementor-column-gap-wide\">\n\t\t\t\t\t<div class=\"elementor-column elementor-col-50 elementor-inner-column elementor-element elementor-element-e575dc5\" data-id=\"e575dc5\" data-element_type=\"column\" data-e-type=\"column\">\n\t\t\t<div class=\"elementor-widget-wrap elementor-element-populated\">\n\t\t\t\t\t\t<div class=\"elementor-element elementor-element-1068a12 elementor-widget elementor-widget-heading\" data-id=\"1068a12\" data-element_type=\"widget\" data-e-type=\"widget\" data-widget_type=\"heading.default\">\n\t\t\t\t\t<h2 class=\"elementor-heading-title elementor-size-default\">Herzlich Willkommen<\/h2>\t\t\t\t<\/div>\n\t\t\t\t<div class=\"elementor-element elementor-element-9ca9904 elementor-widget elementor-widget-text-editor\" data-id=\"9ca9904\" data-element_type=\"widget\" data-e-type=\"widget\" data-widget_type=\"text-editor.default\">\n\t\t\t\t\t\t\t\t\t<p>Hier finden Sie Informationen rund um die Themen Energieberatung, Sachverst\u00e4ndigenarbeit und vielem mehr. Gerne berate ich Sie pers\u00f6nlich und unverbindlich.<\/p>\n<p>Rufen Sie an: (02173) 20 78 13 oder senden mir eine <a href=\"mailto:info@svrhw.de?subject=Kontakt%20von%20der%20Webseite\">E-Mail<\/a>.<\/p>\t\t\t\t\t\t\t\t<\/div>\n\t\t\t\t\t<\/div>\n\t\t<\/div>\n\t\t\t\t<div class=\"elementor-column elementor-col-50 elementor-inner-column elementor-element elementor-element-d2d6cde\" data-id=\"d2d6cde\" data-element_type=\"column\" data-e-type=\"column\">\n\t\t\t<div class=\"elementor-widget-wrap elementor-element-populated\">\n\t\t\t\t\t\t<div class=\"elementor-element elementor-element-a0f0dae elementor-widget elementor-widget-heading\" data-id=\"a0f0dae\" data-element_type=\"widget\" data-e-type=\"widget\" data-widget_type=\"heading.default\">\n\t\t\t\t\t<h2 class=\"elementor-heading-title elementor-size-default\">Aktuelles<\/h2>\t\t\t\t<\/div>\n\t\t\t\t<div class=\"elementor-element elementor-element-44e1928 elementor-widget elementor-widget-text-editor\" data-id=\"44e1928\" data-element_type=\"widget\" data-e-type=\"widget\" data-widget_type=\"text-editor.default\">\n\t\t\t\t\t\t\t\t\t<p>13.05.2026<br \/>Das Bundeskabinett hat heute den Entwurf zum Geb\u00e4udemodernisierungsgesetz beschlossen. Das Gesetz soll noch vor der Sommerpause das parlamentarische Verfahren durchlaufen.<\/p><p>06.05.2026<br \/>Ein Entwurf der Bundesregierung sieht die M\u00f6glichkeit der Montage von Heizungen mit fossilen Brennstoffen \u00fcber das Jahr 2045 hinaus vor. Gleichzeitig sollen den Brennstoffen mehr regenerative Anteile beigemischt werden.<br \/>Quelle: Presse<\/p><p>23.01.2026<br \/>Vom Staubsauger bis zum Wohnhaus wird es in neuen Energieausweisen k\u00fcnftig die gleichen Bewertungsklassen geben: Dann zeigt eine Skala von A bis G die Energieeffizienz an. Bisher galt eine Skala von A+ bis H.\u00a0<a title=\"Ohne Sanierungspflicht: EU-Geb\u00e4uderichtlinie wird umgesetzt\" href=\"https:\/\/www.haufe.de\/immobilien\/wirtschaft-politik\/green-deal-eu-liefert-investitionsplan-fuer-gebaeudesektor_84342_507868.html\">Die Vorgaben stammen aus der \u00fcberarbeiteten EU-Geb\u00e4uderichtlinie (EPBD)<\/a>, die alle Mitgliedstaaten bis sp\u00e4testens am 29.5.2026 in nationales Recht umsetzen m\u00fcssen.<\/p><p>Ebenfalls neu: Energieausweise werden auch bei der Verl\u00e4ngerung von Mietvertr\u00e4gen und bei einer gr\u00f6\u00dferen Renovierung Pflicht.<br \/>Quelle: Haufe.de<\/p><h6><span style=\"color: #008000;\">23.12.2025:<\/span><br style=\"color: #008000;\" \/><span style=\"color: #008000;\"><strong>Gemeinsam Gutes tun \u2013 auch in diesem Jahr<\/strong><\/span><\/h6><p>Auch in diesem Jahr haben wir uns bewusst daf\u00fcr entschieden, auf Geschenke f\u00fcr Kundinnen, Kunden sowie Gesch\u00e4ftspartner zu verzichten und stattdessen gemeinn\u00fctzige Organisationen zu unterst\u00fctzen.<\/p><p>Unsere Spenden gingen an das <strong>Tierheim Hilden<\/strong>, das <strong>Tierheim Essen<\/strong> sowie an <strong>Aktion Lichtblicke<\/strong>, die sich f\u00fcr Kinder und Familien in Nordrhein-Westfalen einsetzen.<\/p><p>Mit dieser Entscheidung m\u00f6chten wir Verantwortung \u00fcbernehmen und dort helfen, wo Unterst\u00fctzung dringend ben\u00f6tigt wird \u2013 f\u00fcr Tiere in Not und f\u00fcr Menschen, die unverschuldet in schwierige Lebenslagen geraten sind.<\/p><p>Wir danken allen, die diesen Weg mit uns gehen, und hoffen, damit einen kleinen, aber wichtigen Beitrag leisten zu k\u00f6nnen.<\/p><h6><span style=\"color: #008000; font-family: 'Roboto Slab', serif; font-size: 18px; font-weight: 600;\">Vom 20.12.2025 bis 03.01.2026 ist die Erreichbarkeit eingeschr\u00e4nkt. Bitte senden Sie in dringenden F\u00e4llen eine E-Mail an: <a href=\"mailto:info@svrhw.de\">info@svrhw.de<\/a><\/span><\/h6><h6>30.11.2025:<br \/>\u00c4nderung beim Programm Bundesf\u00f6rderung f\u00fcr effiziente Geb\u00e4ude &#8211; Wohngeb\u00e4ude (BEG WG) aktuelles bald hier.<\/h6><h6>14.01.2025:<br \/>Das F\u00f6rderprogramm Energieberatung Wohngeb\u00e4ude l\u00e4uft wie gewohnt weiter. F\u00fcr Geb\u00e4ude bis zwei Wohneinheiten gibt es einen Zuschuss in H\u00f6he von 650,00 Euro und f\u00fcr Wohngeb\u00e4ude mit drei oder mehr Wohneinheiten gibt es einen Zuschuss von 850,00 Euro.<\/h6>\t\t\t\t\t\t\t\t<\/div>\n\t\t\t\t\t<\/div>\n\t\t<\/div>\n\t\t\t\t\t<\/div>\n\t\t<\/section>\n\t\t\t\t<div class=\"elementor-element elementor-element-ffa4b60 elementor-widget elementor-widget-spacer\" data-id=\"ffa4b60\" data-element_type=\"widget\" data-e-type=\"widget\" data-widget_type=\"spacer.default\">\n\t\t\t\t\t\t\t<div class=\"elementor-spacer\">\n\t\t\t<div class=\"elementor-spacer-inner\"><\/div>\n\t\t<\/div>\n\t\t\t\t\t\t<\/div>\n\t\t\t\t<div class=\"elementor-element elementor-element-0f68c76 elementor-widget elementor-widget-spacer\" data-id=\"0f68c76\" data-element_type=\"widget\" data-e-type=\"widget\" data-widget_type=\"spacer.default\">\n\t\t\t\t\t\t\t<div class=\"elementor-spacer\">\n\t\t\t<div class=\"elementor-spacer-inner\"><\/div>\n\t\t<\/div>\n\t\t\t\t\t\t<\/div>\n\t\t\t\t<section class=\"elementor-section elementor-inner-section elementor-element elementor-element-335be44 elementor-section-boxed elementor-section-height-default elementor-section-height-default\" data-id=\"335be44\" data-element_type=\"section\" data-e-type=\"section\">\n\t\t\t\t\t\t<div class=\"elementor-container elementor-column-gap-default\">\n\t\t\t\t\t<div class=\"elementor-column elementor-col-100 elementor-inner-column elementor-element elementor-element-1d0a739\" data-id=\"1d0a739\" data-element_type=\"column\" data-e-type=\"column\">\n\t\t\t<div class=\"elementor-widget-wrap elementor-element-populated\">\n\t\t\t\t\t\t<div class=\"elementor-element elementor-element-f6ac38e elementor-widget elementor-widget-heading\" data-id=\"f6ac38e\" data-element_type=\"widget\" data-e-type=\"widget\" data-widget_type=\"heading.default\">\n\t\t\t\t\t<h2 class=\"elementor-heading-title elementor-size-default\">Termine<\/h2>\t\t\t\t<\/div>\n\t\t\t\t<div class=\"elementor-element elementor-element-1f2848c elementor-widget elementor-widget-text-editor\" data-id=\"1f2848c\" data-element_type=\"widget\" data-e-type=\"widget\" data-widget_type=\"text-editor.default\">\n\t\t\t\t\t\t\t\t\t<p>\u00a0<\/p><p><a style=\"background-color: #ffffff;\" href=\"http:\/\/svrhw.de\/wordpress\/?page_id=78\" target=\"_blank\" rel=\"noopener noreferrer\">Energieberatung f\u00fcr Ihre Immobilie nach Vereinbarung<\/a><\/p>\t\t\t\t\t\t\t\t<\/div>\n\t\t\t\t\t<\/div>\n\t\t<\/div>\n\t\t\t\t\t<\/div>\n\t\t<\/section>\n\t\t\t\t\t<\/div>\n\t\t<\/div>\n\t\t\t\t\t<\/div>\n\t\t<\/section>\n\t\t\t\t<section class=\"elementor-section elementor-top-section elementor-element elementor-element-d804d26 elementor-section-boxed elementor-section-height-default elementor-section-height-default\" data-id=\"d804d26\" data-element_type=\"section\" data-e-type=\"section\">\n\t\t\t\t\t\t<div class=\"elementor-container elementor-column-gap-default\">\n\t\t\t\t\t<div class=\"elementor-column elementor-col-100 elementor-top-column elementor-element elementor-element-5c9c82c\" data-id=\"5c9c82c\" data-element_type=\"column\" data-e-type=\"column\">\n\t\t\t<div class=\"elementor-widget-wrap elementor-element-populated\">\n\t\t\t\t\t\t<div class=\"elementor-element elementor-element-09494d1 elementor-widget elementor-widget-spacer\" data-id=\"09494d1\" data-element_type=\"widget\" data-e-type=\"widget\" data-widget_type=\"spacer.default\">\n\t\t\t\t\t\t\t<div class=\"elementor-spacer\">\n\t\t\t<div class=\"elementor-spacer-inner\"><\/div>\n\t\t<\/div>\n\t\t\t\t\t\t<\/div>\n\t\t\t\t\t<\/div>\n\t\t<\/div>\n\t\t\t\t\t<\/div>\n\t\t<\/section>\n\t\t\t\t<\/div>\n\t\t","protected":false},"excerpt":{"rendered":"<p>Herzlich Willkommen Hier finden Sie Informationen rund um die Themen Energieberatung, Sachverst\u00e4ndigenarbeit und vielem mehr. Gerne berate ich Sie pers\u00f6nlich und unverbindlich. [&hellip;]<\/p>\n","protected":false},"author":1,"featured_media":0,"parent":0,"menu_order":0,"comment_status":"closed","ping_status":"open","template":"","meta":{"footnotes":""},"class_list":["post-2","page","type-page","status-publish","hentry"],"_links":{"self":[{"href":"https:\/\/svrhw.de\/wordpress\/wp-json\/wp\/v2\/pages\/2","targetHints":{"allow":["GET"]}}],"collection":[{"href":"https:\/\/svrhw.de\/wordpress\/wp-json\/wp\/v2\/pages"}],"about":[{"href":"https:\/\/svrhw.de\/wordpress\/wp-json\/wp\/v2\/types\/page"}],"author":[{"embeddable":true,"href":"https:\/\/svrhw.de\/wordpress\/wp-json\/wp\/v2\/users\/1"}],"replies":[{"embeddable":true,"href":"https:\/\/svrhw.de\/wordpress\/wp-json\/wp\/v2\/comments?post=2"}],"version-history":[{"count":484,"href":"https:\/\/svrhw.de\/wordpress\/wp-json\/wp\/v2\/pages\/2\/revisions"}],"predecessor-version":[{"id":1281,"href":"https:\/\/svrhw.de\/wordpress\/wp-json\/wp\/v2\/pages\/2\/revisions\/1281"}],"wp:attachment":[{"href":"https:\/\/svrhw.de\/wordpress\/wp-json\/wp\/v2\/media?parent=2"}],"curies":[{"name":"wp","href":"https:\/\/api.w.org\/{rel}","templated":true}]}}