{"id":361,"date":"2020-01-07T16:32:40","date_gmt":"2020-01-07T15:32:40","guid":{"rendered":"http:\/\/svrhw.de\/wordpress\/?page_id=361"},"modified":"2022-07-18T16:58:06","modified_gmt":"2022-07-18T14:58:06","slug":"bundesfoerderung-fuer-energieberatung-fuer-wohngebaeude-durch-das-bundesamt-fuer-wirtschaft-und-ausfuhrkontrolle","status":"publish","type":"page","link":"https:\/\/svrhw.de\/wordpress\/bundesfoerderung-fuer-energieberatung-fuer-wohngebaeude-durch-das-bundesamt-fuer-wirtschaft-und-ausfuhrkontrolle","title":{"rendered":"Energieberatung &#038; Baubegleitung (Stand 07\/2022)"},"content":{"rendered":"\n<p style=\"font-size:32px\">Bundesf\u00f6rderung f\u00fcr Wohngeb\u00e4ude<\/p>\n\n\n\n<p class=\"has-medium-font-size\"><a href=\"https:\/\/www.bafa.de\/DE\/Energie\/Energieberatung\/Energieberatung_Wohngebaeude\/Beratene\/beratene_node.html\">Die Energieberatung wird mit einem Zuschuss in H\u00f6he von 80% gef\u00f6rdert.<\/a><\/p>\n\n\n\n<p>Bei Ein- und Zweifamilienh\u00e4usern mit maximal&nbsp;1.300 Euro.<\/p>\n\n\n\n<p>Bei Wohnh\u00e4usern mit mindestens drei Wohneinheiten mit maximal&nbsp;1.700 Euro.<\/p>\n\n\n\n<p>Ein Zuschuss in H\u00f6he von maximal&nbsp;500 Euro wird f\u00fcr die zus\u00e4tzliche Erl\u00e4uterung eines <\/p>\n\n\n\n<p>Energieberatungsberichts in Wohnungseigent\u00fcmerversammlung oder Beiratssitzung gew\u00e4hrt. <\/p>\n\n\n\n<p style=\"font-size:32px\">Energieeffizient Sanieren &amp; Energieeffizient Bauen<\/p>\n\n\n\n<p class=\"has-medium-font-size\">Die KfW bezuschusst die energetische Fachplanung und Baubegleitung durch einen externen Sachverst\u00e4ndigen. <\/p>\n\n\n\n<p>Ich unterst\u00fctze Sie gerne mit der Baubegleitung. Diese wird in vielen F\u00e4llen gef\u00f6rdert: Die KfW \u00fcbernimmt 50 % der Kosten, maximal 5.000 Euro. <\/p>\n\n\n\n<p>Bei der Baubegleitung wird die Baustelle taktm\u00e4\u00dfig kontrolliert und der Baufortschritt dokumentiert. <\/p>\n\n\n\n<p>Damit kann eine qualitativ hochwertige Ausf\u00fchrung sichergestellt werden. <\/p>\n\n\n\n<p>Mithilfe eines sogenannten Blower-Door-Tests kann die Luftdichtheit des Geb\u00e4udes \u00fcberpr\u00fcft werden. <\/p>\n\n\n\n<p>Der Abschluss der Arbeiten sollte in einem Abnahmeprotokoll festgehalten werden.<\/p>\n\n\n\n<p><\/p>\n","protected":false},"excerpt":{"rendered":"<p>Bundesf\u00f6rderung f\u00fcr Wohngeb\u00e4ude Die Energieberatung wird mit einem Zuschuss in H\u00f6he von 80% gef\u00f6rdert. Bei Ein- und Zweifamilienh\u00e4usern mit maximal&nbsp;1.300 Euro. Bei [&hellip;]<\/p>\n","protected":false},"author":1,"featured_media":0,"parent":0,"menu_order":0,"comment_status":"closed","ping_status":"closed","template":"","meta":{"footnotes":""},"class_list":["post-361","page","type-page","status-publish","hentry"],"_links":{"self":[{"href":"https:\/\/svrhw.de\/wordpress\/wp-json\/wp\/v2\/pages\/361","targetHints":{"allow":["GET"]}}],"collection":[{"href":"https:\/\/svrhw.de\/wordpress\/wp-json\/wp\/v2\/pages"}],"about":[{"href":"https:\/\/svrhw.de\/wordpress\/wp-json\/wp\/v2\/types\/page"}],"author":[{"embeddable":true,"href":"https:\/\/svrhw.de\/wordpress\/wp-json\/wp\/v2\/users\/1"}],"replies":[{"embeddable":true,"href":"https:\/\/svrhw.de\/wordpress\/wp-json\/wp\/v2\/comments?post=361"}],"version-history":[{"count":38,"href":"https:\/\/svrhw.de\/wordpress\/wp-json\/wp\/v2\/pages\/361\/revisions"}],"predecessor-version":[{"id":525,"href":"https:\/\/svrhw.de\/wordpress\/wp-json\/wp\/v2\/pages\/361\/revisions\/525"}],"wp:attachment":[{"href":"https:\/\/svrhw.de\/wordpress\/wp-json\/wp\/v2\/media?parent=361"}],"curies":[{"name":"wp","href":"https:\/\/api.w.org\/{rel}","templated":true}]}}