{"id":485,"date":"2022-05-23T10:55:06","date_gmt":"2022-05-23T08:55:06","guid":{"rendered":"https:\/\/svrhw.de\/wordpress\/?page_id=485"},"modified":"2023-01-13T12:52:28","modified_gmt":"2023-01-13T11:52:28","slug":"3d-gebaeude-scan","status":"publish","type":"page","link":"https:\/\/svrhw.de\/wordpress\/3d-gebaeude-scan","title":{"rendered":"3D Geb\u00e4ude-Scan"},"content":{"rendered":"\t\t<div data-elementor-type=\"wp-page\" data-elementor-id=\"485\" class=\"elementor elementor-485\">\n\t\t\t\t\t\t<section class=\"elementor-section elementor-top-section elementor-element elementor-element-642e4c8a elementor-section-boxed elementor-section-height-default elementor-section-height-default\" data-id=\"642e4c8a\" data-element_type=\"section\" data-e-type=\"section\">\n\t\t\t\t\t\t<div class=\"elementor-container elementor-column-gap-default\">\n\t\t\t\t\t<div class=\"elementor-column elementor-col-100 elementor-top-column elementor-element elementor-element-5ae28556\" data-id=\"5ae28556\" data-element_type=\"column\" data-e-type=\"column\">\n\t\t\t<div class=\"elementor-widget-wrap elementor-element-populated\">\n\t\t\t\t\t\t<div class=\"elementor-element elementor-element-728c2b72 elementor-widget elementor-widget-text-editor\" data-id=\"728c2b72\" data-element_type=\"widget\" data-e-type=\"widget\" data-widget_type=\"text-editor.default\">\n\t\t\t\t\t\t\t\t\t<p><\/p>\n<h2 class=\"has-large-font-size wp-block-heading\">Raum f\u00fcr Raum am Rechner betrachten<\/h2>\n<p><\/p>\n<p><\/p>\n<p class=\"has-medium-font-size\">Mit pr\u00e4zisen Lasermessungen erfasse ich beliebige Raumgeometrien oder Fassadenansichten. Ihr(e) Geb\u00e4ude in 3D mit Bema\u00dfung. Schwer zug\u00e4nglich Bereiche k\u00f6nnen zudem \u00fcber die\u00a0<a href=\"https:\/\/svrhw.de\/wordpress\/?page_id=483\" target=\"_blank\" rel=\"noreferrer noopener\" data-type=\"URL\" data-id=\"https:\/\/svrhw.de\/wordpress\/?page_id=483\">Drohnenbefliegung<\/a> erfasst werden.<\/p>\n<p><\/p>\n<p><\/p>\n<figure class=\"wp-block-image size-large\"><img fetchpriority=\"high\" decoding=\"async\" width=\"724\" height=\"1024\" class=\"wp-image-515\" src=\"https:\/\/svrhw.de\/wordpress\/wp-content\/uploads\/2022\/06\/OG-Bad_Page1-724x1024.jpg\" alt=\"\" srcset=\"https:\/\/svrhw.de\/wordpress\/wp-content\/uploads\/2022\/06\/OG-Bad_Page1-724x1024.jpg 724w, https:\/\/svrhw.de\/wordpress\/wp-content\/uploads\/2022\/06\/OG-Bad_Page1-212x300.jpg 212w, https:\/\/svrhw.de\/wordpress\/wp-content\/uploads\/2022\/06\/OG-Bad_Page1-768x1086.jpg 768w, https:\/\/svrhw.de\/wordpress\/wp-content\/uploads\/2022\/06\/OG-Bad_Page1-543x768.jpg 543w, https:\/\/svrhw.de\/wordpress\/wp-content\/uploads\/2022\/06\/OG-Bad_Page1-1086x1536.jpg 1086w, https:\/\/svrhw.de\/wordpress\/wp-content\/uploads\/2022\/06\/OG-Bad_Page1.jpg 1191w\" sizes=\"(max-width: 724px) 100vw, 724px\" \/><\/figure>\n<p><\/p>\t\t\t\t\t\t\t\t<\/div>\n\t\t\t\t\t<\/div>\n\t\t<\/div>\n\t\t\t\t\t<\/div>\n\t\t<\/section>\n\t\t\t\t<\/div>\n\t\t","protected":false},"excerpt":{"rendered":"<p>Raum f\u00fcr Raum am Rechner betrachten Mit pr\u00e4zisen Lasermessungen erfasse ich beliebige Raumgeometrien oder Fassadenansichten. Ihr(e) Geb\u00e4ude in 3D mit Bema\u00dfung. Schwer [&hellip;]<\/p>\n","protected":false},"author":1,"featured_media":0,"parent":0,"menu_order":0,"comment_status":"closed","ping_status":"closed","template":"","meta":{"footnotes":""},"class_list":["post-485","page","type-page","status-publish","hentry"],"_links":{"self":[{"href":"https:\/\/svrhw.de\/wordpress\/wp-json\/wp\/v2\/pages\/485","targetHints":{"allow":["GET"]}}],"collection":[{"href":"https:\/\/svrhw.de\/wordpress\/wp-json\/wp\/v2\/pages"}],"about":[{"href":"https:\/\/svrhw.de\/wordpress\/wp-json\/wp\/v2\/types\/page"}],"author":[{"embeddable":true,"href":"https:\/\/svrhw.de\/wordpress\/wp-json\/wp\/v2\/users\/1"}],"replies":[{"embeddable":true,"href":"https:\/\/svrhw.de\/wordpress\/wp-json\/wp\/v2\/comments?post=485"}],"version-history":[{"count":12,"href":"https:\/\/svrhw.de\/wordpress\/wp-json\/wp\/v2\/pages\/485\/revisions"}],"predecessor-version":[{"id":813,"href":"https:\/\/svrhw.de\/wordpress\/wp-json\/wp\/v2\/pages\/485\/revisions\/813"}],"wp:attachment":[{"href":"https:\/\/svrhw.de\/wordpress\/wp-json\/wp\/v2\/media?parent=485"}],"curies":[{"name":"wp","href":"https:\/\/api.w.org\/{rel}","templated":true}]}}