{"id":78,"date":"2017-01-16T13:54:02","date_gmt":"2017-01-16T12:54:02","guid":{"rendered":"http:\/\/svrhw.de\/wordpress\/?page_id=78"},"modified":"2023-10-03T15:00:34","modified_gmt":"2023-10-03T13:00:34","slug":"kontakt","status":"publish","type":"page","link":"https:\/\/svrhw.de\/wordpress\/kontakt","title":{"rendered":"Kontakt"},"content":{"rendered":"\t\t<div data-elementor-type=\"wp-page\" data-elementor-id=\"78\" class=\"elementor elementor-78\">\n\t\t\t\t\t\t<section class=\"elementor-section elementor-top-section elementor-element elementor-element-1438f9cc elementor-section-boxed elementor-section-height-default elementor-section-height-default\" data-id=\"1438f9cc\" data-element_type=\"section\" data-e-type=\"section\">\n\t\t\t\t\t\t<div class=\"elementor-container elementor-column-gap-default\">\n\t\t\t\t\t<div class=\"elementor-column elementor-col-100 elementor-top-column elementor-element elementor-element-6bd84fe4\" data-id=\"6bd84fe4\" data-element_type=\"column\" data-e-type=\"column\">\n\t\t\t<div class=\"elementor-widget-wrap elementor-element-populated\">\n\t\t\t\t\t\t<div class=\"elementor-element elementor-element-5b9298d elementor-widget elementor-widget-text-editor\" data-id=\"5b9298d\" data-element_type=\"widget\" data-e-type=\"widget\" data-widget_type=\"text-editor.default\">\n\t\t\t\t\t\t\t\t\t<h1>Kontakt<\/h1>\n<p>Ich existiere nicht nur virtuell&#8230;<\/p>\n<p>Und so erreichen Sie mich &#8211; f\u00fcr Feedback, Kritik, Lob oder einfach f\u00fcr Anmerkungen. Gerne bin ich auch zu einem konstruktiven Erfahrungsaustausch mit allen Interessierten bereit. \u00dcber R\u00fcckmeldungen freue ich mich immer!&nbsp; &nbsp; &nbsp; &nbsp; &nbsp; &nbsp; &nbsp; &nbsp; &nbsp; &nbsp; &nbsp; &nbsp; &nbsp; &nbsp; &nbsp; &nbsp; &nbsp; &nbsp; &nbsp; &nbsp; &nbsp; &nbsp; &nbsp; &nbsp; &nbsp; &nbsp; &nbsp; &nbsp; &nbsp; &nbsp; &nbsp; &nbsp; &nbsp; &nbsp; &nbsp;&nbsp;<a href=\"mailto:info@svrhw.de.de?subject=Kontakt%20\u00fcber%20die%20Webseite\" target=\"_blank\">E-Mail senden<\/a><\/p>\t\t\t\t\t\t\t\t<\/div>\n\t\t\t\t\t<\/div>\n\t\t<\/div>\n\t\t\t\t\t<\/div>\n\t\t<\/section>\n\t\t\t\t<\/div>\n\t\t","protected":false},"excerpt":{"rendered":"<p>Kontakt Ich existiere nicht nur virtuell&#8230; Und so erreichen Sie mich &#8211; f\u00fcr Feedback, Kritik, Lob oder einfach f\u00fcr Anmerkungen. Gerne bin [&hellip;]<\/p>\n","protected":false},"author":1,"featured_media":0,"parent":0,"menu_order":0,"comment_status":"closed","ping_status":"closed","template":"","meta":{"footnotes":""},"class_list":["post-78","page","type-page","status-publish","hentry"],"_links":{"self":[{"href":"https:\/\/svrhw.de\/wordpress\/wp-json\/wp\/v2\/pages\/78","targetHints":{"allow":["GET"]}}],"collection":[{"href":"https:\/\/svrhw.de\/wordpress\/wp-json\/wp\/v2\/pages"}],"about":[{"href":"https:\/\/svrhw.de\/wordpress\/wp-json\/wp\/v2\/types\/page"}],"author":[{"embeddable":true,"href":"https:\/\/svrhw.de\/wordpress\/wp-json\/wp\/v2\/users\/1"}],"replies":[{"embeddable":true,"href":"https:\/\/svrhw.de\/wordpress\/wp-json\/wp\/v2\/comments?post=78"}],"version-history":[{"count":32,"href":"https:\/\/svrhw.de\/wordpress\/wp-json\/wp\/v2\/pages\/78\/revisions"}],"predecessor-version":[{"id":892,"href":"https:\/\/svrhw.de\/wordpress\/wp-json\/wp\/v2\/pages\/78\/revisions\/892"}],"wp:attachment":[{"href":"https:\/\/svrhw.de\/wordpress\/wp-json\/wp\/v2\/media?parent=78"}],"curies":[{"name":"wp","href":"https:\/\/api.w.org\/{rel}","templated":true}]}}