{"id":88,"date":"2017-01-16T16:39:44","date_gmt":"2017-01-16T15:39:44","guid":{"rendered":"http:\/\/svrhw.de\/wordpress\/?page_id=88"},"modified":"2023-10-20T09:29:46","modified_gmt":"2023-10-20T07:29:46","slug":"ueber-mich","status":"publish","type":"page","link":"https:\/\/svrhw.de\/wordpress\/ueber-mich","title":{"rendered":"\u00dcber mich"},"content":{"rendered":"\t\t<div data-elementor-type=\"wp-page\" data-elementor-id=\"88\" class=\"elementor elementor-88\">\n\t\t\t\t\t\t<section class=\"elementor-section elementor-top-section elementor-element elementor-element-f02e22d elementor-section-boxed elementor-section-height-default elementor-section-height-default\" data-id=\"f02e22d\" data-element_type=\"section\" data-e-type=\"section\">\n\t\t\t\t\t\t<div class=\"elementor-container elementor-column-gap-default\">\n\t\t\t\t\t<div class=\"elementor-column elementor-col-100 elementor-top-column elementor-element elementor-element-183d94d6\" data-id=\"183d94d6\" data-element_type=\"column\" data-e-type=\"column\">\n\t\t\t<div class=\"elementor-widget-wrap elementor-element-populated\">\n\t\t\t\t\t\t<div class=\"elementor-element elementor-element-66d7c20 elementor-widget elementor-widget-text-editor\" data-id=\"66d7c20\" data-element_type=\"widget\" data-e-type=\"widget\" data-widget_type=\"text-editor.default\">\n\t\t\t\t\t\t\t\t\t<p><\/p>\n<h1><strong>Ralf Heinz Weber<\/strong><\/h1>\n<p>Sachverst\u00e4ndiger f\u00fcr Geb\u00e4ude<\/p><p>Geb\u00e4udeenergieberater (HWK)<\/p>\n<p><span style=\"color: var(--sydney-text-color);\">\u00d6ffentlich bestellter und vereidigter Sachverst\u00e4ndiger f\u00fcr das<br><\/span><span style=\"color: var(--sydney-text-color);\">MALER- UND LACKIERER-HANDWERK der Handwerkskammer D\u00fcsseldorf&nbsp;<\/span><\/p>\n<p>Sachverst\u00e4ndiger&nbsp;f\u00fcr die Erkennung, Bewertung und Beseitigung von Schimmelpilzsch\u00e4den in Innenr\u00e4umen (T\u00dcV)&nbsp;<\/p>\n<p><b style=\"color: var(--sydney-text-color);\">Leitbild:<\/b><br><\/p><p><b>Ich berate unabh\u00e4ngig * Ich realisiere Ideen * Ich suche die beste L\u00f6sung <br>* Ich plane und organisiere * Ich kommuniziere auf Augenh\u00f6he<\/b><\/p>\n<p><span style=\"color: #3474b4;\"><strong><a style=\"color: #3474b4;\" href=\"http:\/\/www.svrhw.de\/energieberatungen.html\" target=\"_blank\" rel=\"noopener\">&#8222;Vom Handwerk kann man sich zur Kunst erheben. Vom Pfuschen nie.<\/a>&#8222;<\/strong><\/span><br><span style=\"color: #3474b4;\"><strong>Johann Wolfgang von Goethe<\/strong><\/span><\/p>\n<p><\/p>\n<p><img decoding=\"async\" class=\"alignnone wp-image-223\" src=\"http:\/\/svrhw.de\/wordpress\/wp-content\/uploads\/2017\/01\/Unbenannt-1-300x1.png\" width=\"650\" height=\"1\" srcset=\"https:\/\/svrhw.de\/wordpress\/wp-content\/uploads\/2017\/01\/Unbenannt-1-300x1.png 300w, https:\/\/svrhw.de\/wordpress\/wp-content\/uploads\/2017\/01\/Unbenannt-1-150x1.png 150w, https:\/\/svrhw.de\/wordpress\/wp-content\/uploads\/2017\/01\/Unbenannt-1-125x1.png 125w, https:\/\/svrhw.de\/wordpress\/wp-content\/uploads\/2017\/01\/Unbenannt-1.png 567w\" sizes=\"(max-width: 650px) 100vw, 650px\" \/><\/p>\n<p><strong>Ralf Heinz Weber \u00fcber 40 Jahre Erfahrung am Bau<\/strong><\/p>\n<p><strong>1991<\/strong><br>Maler- und Lackierermeister<\/p>\n<p><strong>2002<\/strong><br>Energieberater im Maler-&nbsp;und Lackiererhandwerk<\/p>\n<p><strong>2004<\/strong><br>\u00d6ffentlich bestellter und vereidigter Sachverst\u00e4ndiger der Handwerkskammer <br>D\u00fcsseldorf f\u00fcr das MALER- UND LACKIERER- HANDWERK<\/p>\n<p><strong>2007<\/strong><br>Sachverst\u00e4ndiger f\u00fcr die Erkennung, Bewertung und Beseitigung von <br>Schimmelpilzsch\u00e4den in Innenr\u00e4umen (T\u00dcV)<\/p>\n<p><strong>2009<\/strong><br>Energieberater (dena&nbsp;Berater Nr. 402086)<\/p>\n<p><strong>2010<\/strong><br>Fachkunde nach TRGS 521 K\u00fcnstliche Mineralfasern (KMF)<\/p>\n<p><strong>2013<\/strong><br>Geb\u00e4udeenergieberater (HWK)<\/p>\n<p><strong>2022<\/strong><br>Drohnenf\u00fchrerschein A1\/A3 A2<\/p>\n<p><\/p>\t\t\t\t\t\t\t\t<\/div>\n\t\t\t\t\t<\/div>\n\t\t<\/div>\n\t\t\t\t\t<\/div>\n\t\t<\/section>\n\t\t\t\t<\/div>\n\t\t","protected":false},"excerpt":{"rendered":"<p>Ralf Heinz Weber Sachverst\u00e4ndiger f\u00fcr Geb\u00e4ude Geb\u00e4udeenergieberater (HWK) \u00d6ffentlich bestellter und vereidigter Sachverst\u00e4ndiger f\u00fcr dasMALER- UND LACKIERER-HANDWERK der Handwerkskammer D\u00fcsseldorf&nbsp; Sachverst\u00e4ndiger&nbsp;f\u00fcr die [&hellip;]<\/p>\n","protected":false},"author":1,"featured_media":0,"parent":0,"menu_order":0,"comment_status":"closed","ping_status":"closed","template":"","meta":{"footnotes":""},"class_list":["post-88","page","type-page","status-publish","hentry"],"_links":{"self":[{"href":"https:\/\/svrhw.de\/wordpress\/wp-json\/wp\/v2\/pages\/88","targetHints":{"allow":["GET"]}}],"collection":[{"href":"https:\/\/svrhw.de\/wordpress\/wp-json\/wp\/v2\/pages"}],"about":[{"href":"https:\/\/svrhw.de\/wordpress\/wp-json\/wp\/v2\/types\/page"}],"author":[{"embeddable":true,"href":"https:\/\/svrhw.de\/wordpress\/wp-json\/wp\/v2\/users\/1"}],"replies":[{"embeddable":true,"href":"https:\/\/svrhw.de\/wordpress\/wp-json\/wp\/v2\/comments?post=88"}],"version-history":[{"count":39,"href":"https:\/\/svrhw.de\/wordpress\/wp-json\/wp\/v2\/pages\/88\/revisions"}],"predecessor-version":[{"id":908,"href":"https:\/\/svrhw.de\/wordpress\/wp-json\/wp\/v2\/pages\/88\/revisions\/908"}],"wp:attachment":[{"href":"https:\/\/svrhw.de\/wordpress\/wp-json\/wp\/v2\/media?parent=88"}],"curies":[{"name":"wp","href":"https:\/\/api.w.org\/{rel}","templated":true}]}}