{"id":90,"date":"2017-01-16T16:40:09","date_gmt":"2017-01-16T15:40:09","guid":{"rendered":"http:\/\/svrhw.de\/wordpress\/?page_id=90"},"modified":"2018-10-26T12:14:02","modified_gmt":"2018-10-26T10:14:02","slug":"impressum","status":"publish","type":"page","link":"https:\/\/svrhw.de\/wordpress\/impressum","title":{"rendered":"Impressum"},"content":{"rendered":"<h1>Impressum<\/h1>\n<p><span class=\"text6\">RHW Sachverst\u00e4ndigen B\u00fcro<br \/>Niederstra\u00dfe 132<br \/>40789 Monheim am Rhein<\/span><\/p>\n<p><span class=\"text6\">Tel: (02173) 20 78 13<br \/>Fax: (02173) 20 78 14<\/span><br \/><a href=\"mailto:info@svrhw.de\">e-mail: info(\u00e4t)svrhw.de<\/a><\/p>\n<p><a href=\"http:\/\/svrhw.de\/mediapool\/61\/615494\/data\/Sachverstaendigenordnung_HWK_ddorf.pdf\" target=\"_blank\" rel=\"noopener\">Ma\u00dfgebliche berufsrechtliche Regelung:<br \/>Sachverst\u00e4ndigenordnung der Handwerkskammer D\u00fcsseldorf<\/a><\/p>\n<p>\u00d6ffentlich bestellter und vereidigter Sachverst\u00e4ndiger<br \/>f\u00fcr das Maler- und Lackiererhandwerk der Handwerkskammer D\u00fcsseldorf<br \/>D\u00fcsseldorf; Deutschland<br \/>USTiD: DE226978282<\/p>\n<p>Das RHW Sachverst\u00e4ndigen B\u00fcro beteiligt sich nicht an Verbraucherschlichtungsverfahren nach dem<br \/>Verbraucherstreitbeilegungsgesetz<\/p>\n<p><img decoding=\"async\" class=\"alignnone wp-image-223\" src=\"http:\/\/svrhw.de\/wordpress\/wp-content\/uploads\/2017\/01\/Unbenannt-1-300x1.png\" width=\"650\" height=\"1\" srcset=\"https:\/\/svrhw.de\/wordpress\/wp-content\/uploads\/2017\/01\/Unbenannt-1-300x1.png 300w, https:\/\/svrhw.de\/wordpress\/wp-content\/uploads\/2017\/01\/Unbenannt-1-150x1.png 150w, https:\/\/svrhw.de\/wordpress\/wp-content\/uploads\/2017\/01\/Unbenannt-1-125x1.png 125w, https:\/\/svrhw.de\/wordpress\/wp-content\/uploads\/2017\/01\/Unbenannt-1.png 567w\" sizes=\"(max-width: 650px) 100vw, 650px\" \/><\/p>\n<p>&nbsp;<\/p>\n<h1>Bildlizenzen \/ Copyright<\/h1>\n<p>Haus einzeln: 123rf.com\u00a0Urheber : Vadim Georgiev<br \/>Haus Thermografie: 123rf.com Urheber : ginasanders<\/p>\n<p>&nbsp;<\/p>\n<p><img decoding=\"async\" class=\"alignnone wp-image-223\" src=\"http:\/\/svrhw.de\/wordpress\/wp-content\/uploads\/2017\/01\/Unbenannt-1-300x1.png\" width=\"650\" height=\"1\" srcset=\"https:\/\/svrhw.de\/wordpress\/wp-content\/uploads\/2017\/01\/Unbenannt-1-300x1.png 300w, https:\/\/svrhw.de\/wordpress\/wp-content\/uploads\/2017\/01\/Unbenannt-1-150x1.png 150w, https:\/\/svrhw.de\/wordpress\/wp-content\/uploads\/2017\/01\/Unbenannt-1-125x1.png 125w, https:\/\/svrhw.de\/wordpress\/wp-content\/uploads\/2017\/01\/Unbenannt-1.png 567w\" sizes=\"(max-width: 650px) 100vw, 650px\" \/><\/p>\n<p>&nbsp;<\/p>\n<h1>Design<\/h1>\n<p>effektvoll Werbeagentur<br \/><a href=\"http:\/\/www.effektvoll.eu\">www.effektvoll.eu<\/a><br \/>40764 Langenfeld<\/p>\n<p>&nbsp;<\/p>\n<p><img decoding=\"async\" class=\"alignnone wp-image-223\" src=\"http:\/\/svrhw.de\/wordpress\/wp-content\/uploads\/2017\/01\/Unbenannt-1-300x1.png\" width=\"650\" height=\"1\" srcset=\"https:\/\/svrhw.de\/wordpress\/wp-content\/uploads\/2017\/01\/Unbenannt-1-300x1.png 300w, https:\/\/svrhw.de\/wordpress\/wp-content\/uploads\/2017\/01\/Unbenannt-1-150x1.png 150w, https:\/\/svrhw.de\/wordpress\/wp-content\/uploads\/2017\/01\/Unbenannt-1-125x1.png 125w, https:\/\/svrhw.de\/wordpress\/wp-content\/uploads\/2017\/01\/Unbenannt-1.png 567w\" sizes=\"(max-width: 650px) 100vw, 650px\" \/><\/p>\n<p>&nbsp;<\/p>\n<h1><b>Abmahnklausel<\/b><\/h1>\n<p>Hinweis zu Abmahnungen &#8211; <br \/>keine Abmahnung ohne vorherigen Kontakt!<\/p>\n<p>Sollte der Inhalt oder die Aufmachung dieser Seiten <br \/>fremde Rechte Dritter oder gesetzliche Bestimmungen <br \/>verletzen, so bitte ich um eine entsprechende Nachricht <br \/>ohne Kostennote. Die Beseitigung einer m\u00f6glicherweise <br \/>von diesen Seiten ausgehenden Schutzrecht-Verletzung <br \/>durch Schutzrecht-Inhaber\/-innen selbst darf nicht ohne <br \/>meine Zustimmung stattfinden.<br \/>Ich garantiere, dass die zu Recht beanstandeten <br \/>Passagen unverz\u00fcglich entfernt werden, ohne dass <br \/>von Ihrer Seite die Einschaltung eines Rechtsbeistandes erforderlich ist. <br \/>Dennoch von Ihnen ohne vorherige Kontaktaufnahme ausgel\u00f6ste Kosten werde ich <br \/>vollumf\u00e4nglich zur\u00fcckweisen und gegebenenfalls Gegenklage wegen Verletzung vorgenannter Bestimmungen einreichen.<\/p>\n<p>&nbsp;<\/p>\n<p>&nbsp;<\/p>\n","protected":false},"excerpt":{"rendered":"<p>Impressum RHW Sachverst\u00e4ndigen B\u00fcroNiederstra\u00dfe 13240789 Monheim am Rhein Tel: (02173) 20 78 13Fax: (02173) 20 78 14e-mail: info(\u00e4t)svrhw.de Ma\u00dfgebliche berufsrechtliche Regelung:Sachverst\u00e4ndigenordnung der [&hellip;]<\/p>\n","protected":false},"author":1,"featured_media":0,"parent":0,"menu_order":0,"comment_status":"closed","ping_status":"closed","template":"","meta":{"footnotes":""},"class_list":["post-90","page","type-page","status-publish","hentry"],"_links":{"self":[{"href":"https:\/\/svrhw.de\/wordpress\/wp-json\/wp\/v2\/pages\/90","targetHints":{"allow":["GET"]}}],"collection":[{"href":"https:\/\/svrhw.de\/wordpress\/wp-json\/wp\/v2\/pages"}],"about":[{"href":"https:\/\/svrhw.de\/wordpress\/wp-json\/wp\/v2\/types\/page"}],"author":[{"embeddable":true,"href":"https:\/\/svrhw.de\/wordpress\/wp-json\/wp\/v2\/users\/1"}],"replies":[{"embeddable":true,"href":"https:\/\/svrhw.de\/wordpress\/wp-json\/wp\/v2\/comments?post=90"}],"version-history":[{"count":12,"href":"https:\/\/svrhw.de\/wordpress\/wp-json\/wp\/v2\/pages\/90\/revisions"}],"predecessor-version":[{"id":330,"href":"https:\/\/svrhw.de\/wordpress\/wp-json\/wp\/v2\/pages\/90\/revisions\/330"}],"wp:attachment":[{"href":"https:\/\/svrhw.de\/wordpress\/wp-json\/wp\/v2\/media?parent=90"}],"curies":[{"name":"wp","href":"https:\/\/api.w.org\/{rel}","templated":true}]}}